{"id":33,"date":"2020-12-31T11:20:22","date_gmt":"2020-12-31T10:20:22","guid":{"rendered":"https:\/\/atomik-panda.com\/?page_id=33"},"modified":"2024-04-28T13:26:18","modified_gmt":"2024-04-28T11:26:18","slug":"contact","status":"publish","type":"page","link":"https:\/\/atomik-panda.com\/","title":{"rendered":"Contact"},"content":{"rendered":"<p>\u00a0<\/p>\n<p>Cr\u00e9ation et r\u00e9alisation des planches sur-mesure, personnalis\u00e9es, esth\u00e9tiques et qui donnent du plaisir sur l\u2019eau.<\/p>\n<p>Une planche de surf, c\u2019est tr\u00e8s personnel. Les crit\u00e8res techniques comptent \u2013 le poids, la taille, le niveau de surf \u2013 mais aussi l\u2019endroit o\u00f9 l\u2019on surfe.<\/p>\n<p>Pourquoi avoir une planche faite a la machine en s\u00e9rie a l&rsquo;autre bout du monde quand on peut avoir un objet unique et personnalis\u00e9.\u00a0<\/p>\n\n\n<\/p>\n<p style=\"text-align: center;\"><strong>Atomik.panda.surfboards@gmail.com<\/strong><\/p>\n<p style=\"line-height: var(--wp--typography--line-height, --global--line-height-body); text-align: center;\"><strong>06 84 90 39 00<\/strong><\/p>\n<p>\n\n\n<p><iframe style=\"border: 0;\" tabindex=\"0\" src=\"https:\/\/www.google.com\/maps\/embed?pb=!1m18!1m12!1m3!1d2774.744168601234!2d-1.3577305840109042!3d45.936412779109496!2m3!1f0!2f0!3f0!3m2!1i1024!2i768!4f13.1!3m3!1m2!1s0x4803e71a7584c091%3A0x70a5bf8eff15d60f!2sAtomik-Panda%20surfboards!5e0!3m2!1sen!2sfr!4v1609717669114!5m2!1sen!2sfr\" width=\"600\" height=\"450\" frameborder=\"0\" allowfullscreen=\"allowfullscreen\" aria-hidden=\"false\"><\/iframe><\/p>\n<h3 style=\"text-align: center;\"><strong>Horaires<\/strong><\/h3>\n<p style=\"text-align: center;\">Disponible sur rendez-vous<\/p>","protected":false},"excerpt":{"rendered":"<p>\u00a0 Cr\u00e9ation et r\u00e9alisation des planches sur-mesure, personnalis\u00e9es, esth\u00e9tiques et qui donnent du plaisir sur l\u2019eau. Une planche de surf, c\u2019est tr\u00e8s personnel. Les crit\u00e8res techniques comptent \u2013 le poids, la taille, le niveau de surf \u2013 mais aussi l\u2019endroit o\u00f9 l\u2019on surfe. Pourquoi avoir une planche faite a la machine en s\u00e9rie a l&rsquo;autre&hellip; <a class=\"more-link\" href=\"https:\/\/atomik-panda.com\/\">Poursuivre la lecture <span class=\"screen-reader-text\">Contact<\/span><\/a><\/p>\n","protected":false},"author":1,"featured_media":0,"parent":0,"menu_order":0,"comment_status":"closed","ping_status":"closed","template":"","meta":{"footnotes":""},"_links":{"self":[{"href":"https:\/\/atomik-panda.com\/index.php?rest_route=\/wp\/v2\/pages\/33"}],"collection":[{"href":"https:\/\/atomik-panda.com\/index.php?rest_route=\/wp\/v2\/pages"}],"about":[{"href":"https:\/\/atomik-panda.com\/index.php?rest_route=\/wp\/v2\/types\/page"}],"author":[{"embeddable":true,"href":"https:\/\/atomik-panda.com\/index.php?rest_route=\/wp\/v2\/users\/1"}],"replies":[{"embeddable":true,"href":"https:\/\/atomik-panda.com\/index.php?rest_route=%2Fwp%2Fv2%2Fcomments&post=33"}],"version-history":[{"count":16,"href":"https:\/\/atomik-panda.com\/index.php?rest_route=\/wp\/v2\/pages\/33\/revisions"}],"predecessor-version":[{"id":570,"href":"https:\/\/atomik-panda.com\/index.php?rest_route=\/wp\/v2\/pages\/33\/revisions\/570"}],"wp:attachment":[{"href":"https:\/\/atomik-panda.com\/index.php?rest_route=%2Fwp%2Fv2%2Fmedia&parent=33"}],"curies":[{"name":"wp","href":"https:\/\/api.w.org\/{rel}","templated":true}]}}